{"id":6999,"date":"2025-08-07T10:36:45","date_gmt":"2025-08-07T08:36:45","guid":{"rendered":"https:\/\/birdinnov.com\/plan-de-site\/"},"modified":"2025-09-19T19:39:04","modified_gmt":"2025-09-19T17:39:04","slug":"mapa-del-sitio","status":"publish","type":"page","link":"https:\/\/birdinnov.com\/es\/mapa-del-sitio\/","title":{"rendered":"Mapa del sitio"},"content":{"rendered":"\t\t<div data-elementor-type=\"wp-page\" data-elementor-id=\"6999\" class=\"elementor elementor-6999 elementor-5006\" data-elementor-post-type=\"page\">\n\t\t\t\t<header class=\"elementor-element elementor-element-caf2531 e-flex e-con-boxed e-con e-parent\" data-id=\"caf2531\" data-element_type=\"container\" data-e-type=\"container\" data-settings=\"{&quot;background_background&quot;:&quot;classic&quot;}\">\n\t\t\t\t\t<div class=\"e-con-inner\">\n\t\t\t\t<div class=\"elementor-element elementor-element-d85e4c2 elementor-widget elementor-widget-sp-breadcrumbs\" data-id=\"d85e4c2\" data-element_type=\"widget\" data-e-type=\"widget\" data-widget_type=\"sp-breadcrumbs.default\">\n\t\t\t\t<div class=\"elementor-widget-container\">\n\t\t\t\t\t<nav  aria-label=\"migas de pan\"><ol class=\"breadcrumb\"><li class=\"breadcrumb-item active\" aria-current=\"page\"><span>Inicio<\/span><\/li><\/ol><\/nav>\t\t\t\t<\/div>\n\t\t\t\t<\/div>\n\t\t\t\t<div class=\"elementor-element elementor-element-35a50fc elementor-widget elementor-widget-heading\" data-id=\"35a50fc\" data-element_type=\"widget\" data-e-type=\"widget\" data-widget_type=\"heading.default\">\n\t\t\t\t\t<h1 class=\"elementor-heading-title elementor-size-default\">Mapa del sitio<\/h1>\t\t\t\t<\/div>\n\t\t\t\t\t<\/div>\n\t\t\t\t<\/header>\n\t\t<div class=\"elementor-element elementor-element-ad51b6a e-flex e-con-boxed e-con e-parent\" data-id=\"ad51b6a\" data-element_type=\"container\" data-e-type=\"container\">\n\t\t\t\t\t<div class=\"e-con-inner\">\n\t\t\t\t<div class=\"elementor-element elementor-element-3138020 elementor-widget elementor-widget-shortcode\" data-id=\"3138020\" data-element_type=\"widget\" data-e-type=\"widget\" data-widget_type=\"shortcode.default\">\n\t\t\t\t\t\t\t<div class=\"elementor-shortcode\"><div class=\"birdinnov-sitemap-html\"><section><h2>Blog (7)<\/h2><ul><li><h3><a href=\"https:\/\/birdinnov.com\/es\/blog\/ayudas-subvenciones\/\">Ayudas y Subvenciones (1)<\/a><\/h3><ul class=\"birdinnov-sitemap-html__posts-list\"><li><a href=\"https:\/\/birdinnov.com\/es\/blog\/ayudas-subvenciones\/financiacion-innovacion\/\">\u00bfC\u00f3mo financiar un proyecto de I+D y de innovaci\u00f3n (I+D+i)?<\/a><\/li><\/ul><\/li><li><h3><a href=\"https:\/\/birdinnov.com\/es\/blog\/id-it\/\">I+D y IT (6)<\/a><\/h3><ul class=\"birdinnov-sitemap-html__posts-list\"><li><a href=\"https:\/\/birdinnov.com\/es\/blog\/id-it\/contabilizacion-gastos-i-d\/\">\u00bfC\u00f3mo contabilizar los gastos de investigaci\u00f3n y desarrollo (I+D)?<\/a><\/li><li><a href=\"https:\/\/birdinnov.com\/es\/blog\/id-it\/gastos-elegibles-id\/\">\u00bfQu\u00e9 gastos son elegibles para la deducci\u00f3n fiscal por investigaci\u00f3n (I+D)?<\/a><\/li><li><a href=\"https:\/\/birdinnov.com\/es\/blog\/id-it\/calculo-deduccion-idi\/\">C\u00e1lculo de la deducci\u00f3n por I+D+i: metodolog\u00eda paso a paso<\/a><\/li><li><a href=\"https:\/\/birdinnov.com\/es\/blog\/id-it\/cashback-idi\/\">Cashback I+D+i en Espa\u00f1a: c\u00f3mo monetizar sus deducciones fiscales sin esperar<\/a><\/li><li><a href=\"https:\/\/birdinnov.com\/es\/blog\/id-it\/registro-idi\/\">Nuestro despacho est\u00e1 oficialmente registrado para I+D-IT por la Mediaci\u00f3n de Empresas<\/a><\/li><li><a href=\"https:\/\/birdinnov.com\/es\/blog\/id-it\/pre-financiacion-idi\/\">Pre-financiaci\u00f3n y Tax lease por actividades de I+D+i: \u00bfc\u00f3mo anticipar el beneficio fiscal por investigaci\u00f3n en Espa\u00f1a?<\/a><\/li><\/ul><\/li><\/ul><\/section><section><h2>Glossaire (3)<\/h2><ul class=\"birdinnov-sitemap-html__posts-list\"><li><a href=\"https:\/\/birdinnov.com\/es\/glosario\/boe\/\">BOE<\/a><\/li><li><a href=\"https:\/\/birdinnov.com\/es\/glosario\/controle-fiscal\/\">Inspecci\u00f3n fiscal<\/a><\/li><li><a href=\"https:\/\/birdinnov.com\/es\/glosario\/trl\/\">TRL<\/a><\/li><\/ul><\/section><section><h2>P\u00e1ginas (32)<\/h2><ul class=\"birdinnov-sitemap-html__posts-list\"><li><a href=\"https:\/\/birdinnov.com\/es\/aprobacion-id\/\">Acreditaci\u00f3n I+D<\/a><\/li><li><a href=\"https:\/\/birdinnov.com\/es\/auditoria-id\/\">Auditor\u00eda I+D<\/a><\/li><li><a href=\"https:\/\/birdinnov.com\/es\/aviso-legal\/\">Aviso legal<\/a><\/li><li><a href=\"https:\/\/birdinnov.com\/es\/ayudas-medioambientales\/\">Ayudas medioambientales<\/a><\/li><li><a href=\"https:\/\/birdinnov.com\/es\/blog\/\">Blog<\/a><\/li><li><a href=\"https:\/\/birdinnov.com\/es\/contacto\/\">Contacto<\/a><\/li><li><a href=\"https:\/\/birdinnov.com\/es\/declaracion-credito-fiscal-idi\/\">Declaraci\u00f3n del cr\u00e9dito fiscal por I+D+i<\/a><\/li><li><a href=\"https:\/\/birdinnov.com\/es\/deduccion-fiscal-videojuegos\/\">Deducci\u00f3n fiscal para los videojuegos<\/a><\/li><li><a href=\"https:\/\/birdinnov.com\/es\/investigacion-desarrollo\/\">Deducci\u00f3n fiscal por investigaci\u00f3n<\/a><\/li><li><a href=\"https:\/\/birdinnov.com\/es\/equipo\/\">Equipo BirdINNOV<\/a><\/li><li><a href=\"https:\/\/birdinnov.com\/es\/expediente-credito-fiscal-idi\/\">Expediente de cr\u00e9dito fiscal por I+D+i<\/a><\/li><li><a href=\"https:\/\/birdinnov.com\/es\/expediente-subvenciones\/\">Expediente de subvenciones<\/a><\/li><li><a href=\"https:\/\/birdinnov.com\/es\/expediente-it\/\">Expediente IT<\/a><\/li><li><a href=\"https:\/\/birdinnov.com\/es\/glosario\/\">Glosario<\/a><\/li><li><a href=\"https:\/\/birdinnov.com\/es\/informe-motivado-vinculante-id\/\">Informe Motivado Vinculante (IMV) en I+D<\/a><\/li><li><a href=\"https:\/\/birdinnov.com\/es\/informe-motivado-vinculante-it\/\">Informe motivado vinculante IT<\/a><\/li><li><a href=\"https:\/\/birdinnov.com\/es\/\">Inicio<\/a><\/li><li><a href=\"https:\/\/birdinnov.com\/es\/innovacion-tecnologica\/\">Innovaci\u00f3n Tecnol\u00f3gica (IT)<\/a><\/li><li><a href=\"https:\/\/birdinnov.com\/es\/inspeccion-fiscal-idi\/\">Inspecci\u00f3n fiscal I+D+i<\/a><\/li><li><a href=\"https:\/\/birdinnov.com\/es\/mapa-del-sitio\/\">Mapa del sitio<\/a><\/li><li><a href=\"https:\/\/birdinnov.com\/es\/nuestra-experiencia\/\">Nuestra experiencia<\/a><\/li><li><a href=\"https:\/\/birdinnov.com\/es\/politica-de-privacidad\/\">Pol\u00edtica de confidencialidad<\/a><\/li><li><a href=\"https:\/\/birdinnov.com\/es\/pyme-innovadora\/\">Sello PYME Innovadora<\/a><\/li><li><a href=\"https:\/\/birdinnov.com\/es\/simulador-id\/\">Simulador I+D<\/a><\/li><li><a href=\"https:\/\/birdinnov.com\/es\/simulador-it\/\">Simulador IT<\/a><\/li><li><a href=\"https:\/\/birdinnov.com\/es\/subvencion-provincial\/\">Subvenci\u00f3n provincial<\/a><\/li><li><a href=\"https:\/\/birdinnov.com\/es\/subvenciones-innovacion\/\">Subvenciones a la innovaci\u00f3n<\/a><\/li><li><a href=\"https:\/\/birdinnov.com\/es\/subvenciones-cdti-financiacion-enisa\/\">Subvenciones del CDTI y financiaci\u00f3n ENISA<\/a><\/li><li><a href=\"https:\/\/birdinnov.com\/es\/subvenciones-empresas\/\">Subvenciones empresas<\/a><\/li><li><a href=\"https:\/\/birdinnov.com\/es\/subvenciones-publicas\/\">Subvenciones p\u00fablicas<\/a><\/li><li><a href=\"https:\/\/birdinnov.com\/es\/subvenciones-regionales\/\">Subvenciones regionales<\/a><\/li><li><a href=\"https:\/\/birdinnov.com\/es\/eres-elegible\/\">Test de elegibilidad I+D<\/a><\/li><\/ul><\/section><\/div>\t\t<script>\n\t\t\tdocument.addEventListener('DOMContentLoaded', function() {\n\t\t\t\tconst lists = document.querySelectorAll('.birdinnov-sitemap-html__posts-list');\n\t\t\t\tlists.forEach(list => {\n\t\t\t\t\tconst items = list.querySelectorAll('li');\n\t\t\t\t\tif (items.length > 20) {\n\t\t\t\t\t\titems.forEach((item, index) => {\n\t\t\t\t\t\t\tif (index >= 20) {\n\t\t\t\t\t\t\t\titem.style.display = 'none';\n\t\t\t\t\t\t\t}\n\t\t\t\t\t\t});\n\t\t\t\t\t\tconst seeMore = document.createElement('li');\n\t\t\t\t\t\tseeMore.innerHTML = '<a href=\"#\" class=\"see-more\">\u2192 Afficher plus<\/a>';\n\t\t\t\t\t\tlist.appendChild(seeMore);\n\t\t\t\t\t\tseeMore.addEventListener('click', function(e) {\n\t\t\t\t\t\t\te.preventDefault();\n\t\t\t\t\t\t\titems.forEach(item => item.style.display = 'list-item');\n\t\t\t\t\t\t\tseeMore.remove();\n\t\t\t\t\t\t});\n\t\t\t\t\t}\n\t\t\t\t});\n\t\t\t});\n\t\t<\/script>\n\t\t<\/div>\n\t\t\t\t\t\t<\/div>\n\t\t\t\t\t<\/div>\n\t\t\t\t<\/div>\n\t\t\t\t<\/div>\n\t\t","protected":false},"excerpt":{"rendered":"<p>Accueil<\/p>\n","protected":false},"author":1,"featured_media":0,"parent":0,"menu_order":0,"comment_status":"closed","ping_status":"closed","template":"","meta":{"_acf_changed":false,"_seopress_robots_primary_cat":"","_seopress_titles_title":"Mapa del sitio | BirdINNOV","_seopress_titles_desc":"BirdINNOV, especialista en la financiaci\u00f3n de la innovaci\u00f3n. Navegue por nuestro sitio.","_seopress_robots_index":"","footnotes":""},"class_list":["post-6999","page","type-page","status-publish","hentry"],"acf":[],"_links":{"self":[{"href":"https:\/\/birdinnov.com\/es\/wp-json\/wp\/v2\/pages\/6999","targetHints":{"allow":["GET"]}}],"collection":[{"href":"https:\/\/birdinnov.com\/es\/wp-json\/wp\/v2\/pages"}],"about":[{"href":"https:\/\/birdinnov.com\/es\/wp-json\/wp\/v2\/types\/page"}],"author":[{"embeddable":true,"href":"https:\/\/birdinnov.com\/es\/wp-json\/wp\/v2\/users\/1"}],"replies":[{"embeddable":true,"href":"https:\/\/birdinnov.com\/es\/wp-json\/wp\/v2\/comments?post=6999"}],"version-history":[{"count":1,"href":"https:\/\/birdinnov.com\/es\/wp-json\/wp\/v2\/pages\/6999\/revisions"}],"predecessor-version":[{"id":7000,"href":"https:\/\/birdinnov.com\/es\/wp-json\/wp\/v2\/pages\/6999\/revisions\/7000"}],"wp:attachment":[{"href":"https:\/\/birdinnov.com\/es\/wp-json\/wp\/v2\/media?parent=6999"}],"curies":[{"name":"wp","href":"https:\/\/api.w.org\/{rel}","templated":true}]}}