{"id":6988,"date":"2025-07-23T18:11:29","date_gmt":"2025-07-23T16:11:29","guid":{"rendered":"https:\/\/birdinnov.com\/glossaire\/"},"modified":"2025-09-19T19:37:08","modified_gmt":"2025-09-19T17:37:08","slug":"glosario","status":"publish","type":"page","link":"https:\/\/birdinnov.com\/es\/glosario\/","title":{"rendered":"Glosario"},"content":{"rendered":"\t\t<div data-elementor-type=\"wp-page\" data-elementor-id=\"6988\" class=\"elementor elementor-6988 elementor-362\" data-elementor-post-type=\"page\">\n\t\t\t\t<header class=\"elementor-element elementor-element-ec278a0 e-flex e-con-boxed e-con e-parent\" data-id=\"ec278a0\" data-element_type=\"container\" data-e-type=\"container\" data-settings=\"{&quot;background_background&quot;:&quot;gradient&quot;}\">\n\t\t\t\t\t<div class=\"e-con-inner\">\n\t\t\t\t<div class=\"elementor-element elementor-element-b334688 elementor-widget elementor-widget-sp-breadcrumbs\" data-id=\"b334688\" data-element_type=\"widget\" data-e-type=\"widget\" data-widget_type=\"sp-breadcrumbs.default\">\n\t\t\t\t<div class=\"elementor-widget-container\">\n\t\t\t\t\t<nav  aria-label=\"migas de pan\"><ol class=\"breadcrumb\"><li class=\"breadcrumb-item active\" aria-current=\"page\"><span>Inicio<\/span><\/li><\/ol><\/nav>\t\t\t\t<\/div>\n\t\t\t\t<\/div>\n\t\t\t\t<div class=\"elementor-element elementor-element-704cfe9 elementor-widget__width-initial elementor-widget elementor-widget-heading\" data-id=\"704cfe9\" data-element_type=\"widget\" data-e-type=\"widget\" data-widget_type=\"heading.default\">\n\t\t\t\t\t<span class=\"elementor-heading-title elementor-size-default\">Tanto si es empresario, directivo o promotor de proyectos, este glosario le ayudar\u00e1 a comprender f\u00e1cilmente los conceptos clave de los cr\u00e9ditos fiscales y otras medidas fiscales.<\/span>\t\t\t\t<\/div>\n\t\t\t\t\t<\/div>\n\t\t\t\t<\/header>\n\t\t<div class=\"elementor-element elementor-element-b02b573 e-flex e-con-boxed e-con e-parent\" data-id=\"b02b573\" data-element_type=\"container\" data-e-type=\"container\">\n\t\t\t\t\t<div class=\"e-con-inner\">\n\t\t\t\t<div class=\"elementor-element elementor-element-a0927fa elementor-widget elementor-widget-shortcode\" data-id=\"a0927fa\" data-element_type=\"widget\" data-e-type=\"widget\" data-widget_type=\"shortcode.default\">\n\t\t\t\t\t\t\t<div class=\"elementor-shortcode\">\n<div class=\"lexilink-display\">\n\n    <div class=\"lexilink-display__header\">\n\n        <nav class=\"lexilink-display__header__filter\" aria-label=\"Filter glossary by letter\">\n            <ul class=\"lexilink-display__header__filter__list\">\n\t\t\t\t<li class=\"lexilink-display__header__filter__list__item active\" data-id=\"all\">All<\/li>\n\t\t\t\t\t\t\t\t\t<li class=\"lexilink-display__header__filter__list__item\" data-id=\"A\">A<\/li>\n\t\t\t\t\t\t\t\t\t<li class=\"lexilink-display__header__filter__list__item\" data-id=\"B\">B<\/li>\n\t\t\t\t\t\t\t\t\t<li class=\"lexilink-display__header__filter__list__item\" data-id=\"C\">C<\/li>\n\t\t\t\t\t\t\t\t\t<li class=\"lexilink-display__header__filter__list__item\" data-id=\"D\">D<\/li>\n\t\t\t\t\t\t\t\t\t<li class=\"lexilink-display__header__filter__list__item\" data-id=\"E\">E<\/li>\n\t\t\t\t\t\t\t\t\t<li class=\"lexilink-display__header__filter__list__item\" data-id=\"F\">F<\/li>\n\t\t\t\t\t\t\t\t\t<li class=\"lexilink-display__header__filter__list__item\" data-id=\"G\">G<\/li>\n\t\t\t\t\t\t\t\t\t<li class=\"lexilink-display__header__filter__list__item\" data-id=\"H\">H<\/li>\n\t\t\t\t\t\t\t\t\t<li class=\"lexilink-display__header__filter__list__item\" data-id=\"I\">I<\/li>\n\t\t\t\t\t\t\t\t\t<li class=\"lexilink-display__header__filter__list__item\" data-id=\"J\">J<\/li>\n\t\t\t\t\t\t\t\t\t<li class=\"lexilink-display__header__filter__list__item\" data-id=\"K\">K<\/li>\n\t\t\t\t\t\t\t\t\t<li class=\"lexilink-display__header__filter__list__item\" data-id=\"L\">L<\/li>\n\t\t\t\t\t\t\t\t\t<li class=\"lexilink-display__header__filter__list__item\" data-id=\"M\">M<\/li>\n\t\t\t\t\t\t\t\t\t<li class=\"lexilink-display__header__filter__list__item\" data-id=\"N\">N<\/li>\n\t\t\t\t\t\t\t\t\t<li class=\"lexilink-display__header__filter__list__item\" data-id=\"O\">O<\/li>\n\t\t\t\t\t\t\t\t\t<li class=\"lexilink-display__header__filter__list__item\" data-id=\"P\">P<\/li>\n\t\t\t\t\t\t\t\t\t<li class=\"lexilink-display__header__filter__list__item\" data-id=\"Q\">Q<\/li>\n\t\t\t\t\t\t\t\t\t<li class=\"lexilink-display__header__filter__list__item\" data-id=\"R\">R<\/li>\n\t\t\t\t\t\t\t\t\t<li class=\"lexilink-display__header__filter__list__item\" data-id=\"S\">S<\/li>\n\t\t\t\t\t\t\t\t\t<li class=\"lexilink-display__header__filter__list__item\" data-id=\"T\">T<\/li>\n\t\t\t\t\t\t\t\t\t<li class=\"lexilink-display__header__filter__list__item\" data-id=\"U\">U<\/li>\n\t\t\t\t\t\t\t\t\t<li class=\"lexilink-display__header__filter__list__item\" data-id=\"V\">V<\/li>\n\t\t\t\t\t\t\t\t\t<li class=\"lexilink-display__header__filter__list__item\" data-id=\"W\">W<\/li>\n\t\t\t\t\t\t\t\t\t<li class=\"lexilink-display__header__filter__list__item\" data-id=\"X\">X<\/li>\n\t\t\t\t\t\t\t\t\t<li class=\"lexilink-display__header__filter__list__item\" data-id=\"Y\">Y<\/li>\n\t\t\t\t\t\t\t\t\t<li class=\"lexilink-display__header__filter__list__item\" data-id=\"Z\">Z<\/li>\n\t\t\t\t\t\t\t<\/ul>\n        <\/nav>\n\n        \n    <\/div>\n\n    <div class=\"lexilink-display__body\">\n        \n        <section class=\"lexilink-display__body__letter empty \" data-id=\"A\" aria-labelledby=\"lexilink-display__body__letter__title_A\">\n            <div class=\"lexilink-display__body__letter__icon\"><\/div>\n            <div class=\"lexilink-display__body__letter__toggle\"><\/div>\n\t\t\t<h2 class=\"lexilink-display__body__letter__title\" id=\"lexilink-display__body__letter__title_A\">A<\/h2>\n            <dl class=\"lexilink-display__body__letter__list\">\n\t\t\t\t            <\/dl>\n        <\/section>\n\n        \n        <section class=\"lexilink-display__body__letter  \" data-id=\"B\" aria-labelledby=\"lexilink-display__body__letter__title_B\">\n            <div class=\"lexilink-display__body__letter__icon\"><\/div>\n            <div class=\"lexilink-display__body__letter__toggle\"><\/div>\n\t\t\t<h2 class=\"lexilink-display__body__letter__title\" id=\"lexilink-display__body__letter__title_B\">B<\/h2>\n            <dl class=\"lexilink-display__body__letter__list\">\n\t\t\t\t                                            <div class=\"lexilink-display__body__letter__list__item\" data-title=\"boe\">\n                                                            <dt class=\"lexilink-display__body__letter__list__item__title\">\n                                    <a class=\"lexilink-display__body__letter__list__item__title__link link\" href=\"https:\/\/birdinnov.com\/es\/glosario\/boe\/\">BOE<\/a>\n                                    <span class=\"lexilink-display__body__letter__list__item__title__icon\"><\/span>\n                                <\/dt>\n                                                                                <\/div>\n                                                <\/dl>\n        <\/section>\n\n        \n        <section class=\"lexilink-display__body__letter empty \" data-id=\"C\" aria-labelledby=\"lexilink-display__body__letter__title_C\">\n            <div class=\"lexilink-display__body__letter__icon\"><\/div>\n            <div class=\"lexilink-display__body__letter__toggle\"><\/div>\n\t\t\t<h2 class=\"lexilink-display__body__letter__title\" id=\"lexilink-display__body__letter__title_C\">C<\/h2>\n            <dl class=\"lexilink-display__body__letter__list\">\n\t\t\t\t            <\/dl>\n        <\/section>\n\n        \n        <section class=\"lexilink-display__body__letter empty \" data-id=\"D\" aria-labelledby=\"lexilink-display__body__letter__title_D\">\n            <div class=\"lexilink-display__body__letter__icon\"><\/div>\n            <div class=\"lexilink-display__body__letter__toggle\"><\/div>\n\t\t\t<h2 class=\"lexilink-display__body__letter__title\" id=\"lexilink-display__body__letter__title_D\">D<\/h2>\n            <dl class=\"lexilink-display__body__letter__list\">\n\t\t\t\t            <\/dl>\n        <\/section>\n\n        \n        <section class=\"lexilink-display__body__letter empty \" data-id=\"E\" aria-labelledby=\"lexilink-display__body__letter__title_E\">\n            <div class=\"lexilink-display__body__letter__icon\"><\/div>\n            <div class=\"lexilink-display__body__letter__toggle\"><\/div>\n\t\t\t<h2 class=\"lexilink-display__body__letter__title\" id=\"lexilink-display__body__letter__title_E\">E<\/h2>\n            <dl class=\"lexilink-display__body__letter__list\">\n\t\t\t\t            <\/dl>\n        <\/section>\n\n        \n        <section class=\"lexilink-display__body__letter empty \" data-id=\"F\" aria-labelledby=\"lexilink-display__body__letter__title_F\">\n            <div class=\"lexilink-display__body__letter__icon\"><\/div>\n            <div class=\"lexilink-display__body__letter__toggle\"><\/div>\n\t\t\t<h2 class=\"lexilink-display__body__letter__title\" id=\"lexilink-display__body__letter__title_F\">F<\/h2>\n            <dl class=\"lexilink-display__body__letter__list\">\n\t\t\t\t            <\/dl>\n        <\/section>\n\n        \n        <section class=\"lexilink-display__body__letter empty \" data-id=\"G\" aria-labelledby=\"lexilink-display__body__letter__title_G\">\n            <div class=\"lexilink-display__body__letter__icon\"><\/div>\n            <div class=\"lexilink-display__body__letter__toggle\"><\/div>\n\t\t\t<h2 class=\"lexilink-display__body__letter__title\" id=\"lexilink-display__body__letter__title_G\">G<\/h2>\n            <dl class=\"lexilink-display__body__letter__list\">\n\t\t\t\t            <\/dl>\n        <\/section>\n\n        \n        <section class=\"lexilink-display__body__letter empty \" data-id=\"H\" aria-labelledby=\"lexilink-display__body__letter__title_H\">\n            <div class=\"lexilink-display__body__letter__icon\"><\/div>\n            <div class=\"lexilink-display__body__letter__toggle\"><\/div>\n\t\t\t<h2 class=\"lexilink-display__body__letter__title\" id=\"lexilink-display__body__letter__title_H\">H<\/h2>\n            <dl class=\"lexilink-display__body__letter__list\">\n\t\t\t\t            <\/dl>\n        <\/section>\n\n        \n        <section class=\"lexilink-display__body__letter  \" data-id=\"I\" aria-labelledby=\"lexilink-display__body__letter__title_I\">\n            <div class=\"lexilink-display__body__letter__icon\"><\/div>\n            <div class=\"lexilink-display__body__letter__toggle\"><\/div>\n\t\t\t<h2 class=\"lexilink-display__body__letter__title\" id=\"lexilink-display__body__letter__title_I\">I<\/h2>\n            <dl class=\"lexilink-display__body__letter__list\">\n\t\t\t\t                                            <div class=\"lexilink-display__body__letter__list__item\" data-title=\"inspecci\u00f3n fiscal\">\n                                                            <dt class=\"lexilink-display__body__letter__list__item__title\">\n                                    <a class=\"lexilink-display__body__letter__list__item__title__link link\" href=\"https:\/\/birdinnov.com\/es\/glosario\/controle-fiscal\/\">Inspecci\u00f3n fiscal<\/a>\n                                    <span class=\"lexilink-display__body__letter__list__item__title__icon\"><\/span>\n                                <\/dt>\n                                                                                <\/div>\n                                                <\/dl>\n        <\/section>\n\n        \n        <section class=\"lexilink-display__body__letter empty \" data-id=\"J\" aria-labelledby=\"lexilink-display__body__letter__title_J\">\n            <div class=\"lexilink-display__body__letter__icon\"><\/div>\n            <div class=\"lexilink-display__body__letter__toggle\"><\/div>\n\t\t\t<h2 class=\"lexilink-display__body__letter__title\" id=\"lexilink-display__body__letter__title_J\">J<\/h2>\n            <dl class=\"lexilink-display__body__letter__list\">\n\t\t\t\t            <\/dl>\n        <\/section>\n\n        \n        <section class=\"lexilink-display__body__letter empty \" data-id=\"K\" aria-labelledby=\"lexilink-display__body__letter__title_K\">\n            <div class=\"lexilink-display__body__letter__icon\"><\/div>\n            <div class=\"lexilink-display__body__letter__toggle\"><\/div>\n\t\t\t<h2 class=\"lexilink-display__body__letter__title\" id=\"lexilink-display__body__letter__title_K\">K<\/h2>\n            <dl class=\"lexilink-display__body__letter__list\">\n\t\t\t\t            <\/dl>\n        <\/section>\n\n        \n        <section class=\"lexilink-display__body__letter empty \" data-id=\"L\" aria-labelledby=\"lexilink-display__body__letter__title_L\">\n            <div class=\"lexilink-display__body__letter__icon\"><\/div>\n            <div class=\"lexilink-display__body__letter__toggle\"><\/div>\n\t\t\t<h2 class=\"lexilink-display__body__letter__title\" id=\"lexilink-display__body__letter__title_L\">L<\/h2>\n            <dl class=\"lexilink-display__body__letter__list\">\n\t\t\t\t            <\/dl>\n        <\/section>\n\n        \n        <section class=\"lexilink-display__body__letter empty \" data-id=\"M\" aria-labelledby=\"lexilink-display__body__letter__title_M\">\n            <div class=\"lexilink-display__body__letter__icon\"><\/div>\n            <div class=\"lexilink-display__body__letter__toggle\"><\/div>\n\t\t\t<h2 class=\"lexilink-display__body__letter__title\" id=\"lexilink-display__body__letter__title_M\">M<\/h2>\n            <dl class=\"lexilink-display__body__letter__list\">\n\t\t\t\t            <\/dl>\n        <\/section>\n\n        \n        <section class=\"lexilink-display__body__letter empty \" data-id=\"N\" aria-labelledby=\"lexilink-display__body__letter__title_N\">\n            <div class=\"lexilink-display__body__letter__icon\"><\/div>\n            <div class=\"lexilink-display__body__letter__toggle\"><\/div>\n\t\t\t<h2 class=\"lexilink-display__body__letter__title\" id=\"lexilink-display__body__letter__title_N\">N<\/h2>\n            <dl class=\"lexilink-display__body__letter__list\">\n\t\t\t\t            <\/dl>\n        <\/section>\n\n        \n        <section class=\"lexilink-display__body__letter empty \" data-id=\"O\" aria-labelledby=\"lexilink-display__body__letter__title_O\">\n            <div class=\"lexilink-display__body__letter__icon\"><\/div>\n            <div class=\"lexilink-display__body__letter__toggle\"><\/div>\n\t\t\t<h2 class=\"lexilink-display__body__letter__title\" id=\"lexilink-display__body__letter__title_O\">O<\/h2>\n            <dl class=\"lexilink-display__body__letter__list\">\n\t\t\t\t            <\/dl>\n        <\/section>\n\n        \n        <section class=\"lexilink-display__body__letter empty \" data-id=\"P\" aria-labelledby=\"lexilink-display__body__letter__title_P\">\n            <div class=\"lexilink-display__body__letter__icon\"><\/div>\n            <div class=\"lexilink-display__body__letter__toggle\"><\/div>\n\t\t\t<h2 class=\"lexilink-display__body__letter__title\" id=\"lexilink-display__body__letter__title_P\">P<\/h2>\n            <dl class=\"lexilink-display__body__letter__list\">\n\t\t\t\t            <\/dl>\n        <\/section>\n\n        \n        <section class=\"lexilink-display__body__letter empty \" data-id=\"Q\" aria-labelledby=\"lexilink-display__body__letter__title_Q\">\n            <div class=\"lexilink-display__body__letter__icon\"><\/div>\n            <div class=\"lexilink-display__body__letter__toggle\"><\/div>\n\t\t\t<h2 class=\"lexilink-display__body__letter__title\" id=\"lexilink-display__body__letter__title_Q\">Q<\/h2>\n            <dl class=\"lexilink-display__body__letter__list\">\n\t\t\t\t            <\/dl>\n        <\/section>\n\n        \n        <section class=\"lexilink-display__body__letter empty \" data-id=\"R\" aria-labelledby=\"lexilink-display__body__letter__title_R\">\n            <div class=\"lexilink-display__body__letter__icon\"><\/div>\n            <div class=\"lexilink-display__body__letter__toggle\"><\/div>\n\t\t\t<h2 class=\"lexilink-display__body__letter__title\" id=\"lexilink-display__body__letter__title_R\">R<\/h2>\n            <dl class=\"lexilink-display__body__letter__list\">\n\t\t\t\t            <\/dl>\n        <\/section>\n\n        \n        <section class=\"lexilink-display__body__letter empty \" data-id=\"S\" aria-labelledby=\"lexilink-display__body__letter__title_S\">\n            <div class=\"lexilink-display__body__letter__icon\"><\/div>\n            <div class=\"lexilink-display__body__letter__toggle\"><\/div>\n\t\t\t<h2 class=\"lexilink-display__body__letter__title\" id=\"lexilink-display__body__letter__title_S\">S<\/h2>\n            <dl class=\"lexilink-display__body__letter__list\">\n\t\t\t\t            <\/dl>\n        <\/section>\n\n        \n        <section class=\"lexilink-display__body__letter  \" data-id=\"T\" aria-labelledby=\"lexilink-display__body__letter__title_T\">\n            <div class=\"lexilink-display__body__letter__icon\"><\/div>\n            <div class=\"lexilink-display__body__letter__toggle\"><\/div>\n\t\t\t<h2 class=\"lexilink-display__body__letter__title\" id=\"lexilink-display__body__letter__title_T\">T<\/h2>\n            <dl class=\"lexilink-display__body__letter__list\">\n\t\t\t\t                                            <div class=\"lexilink-display__body__letter__list__item\" data-title=\"trl\">\n                                                            <dt class=\"lexilink-display__body__letter__list__item__title\">\n                                    <a class=\"lexilink-display__body__letter__list__item__title__link link\" href=\"https:\/\/birdinnov.com\/es\/glosario\/trl\/\">TRL<\/a>\n                                    <span class=\"lexilink-display__body__letter__list__item__title__icon\"><\/span>\n                                <\/dt>\n                                                                                <\/div>\n                                                <\/dl>\n        <\/section>\n\n        \n        <section class=\"lexilink-display__body__letter empty \" data-id=\"U\" aria-labelledby=\"lexilink-display__body__letter__title_U\">\n            <div class=\"lexilink-display__body__letter__icon\"><\/div>\n            <div class=\"lexilink-display__body__letter__toggle\"><\/div>\n\t\t\t<h2 class=\"lexilink-display__body__letter__title\" id=\"lexilink-display__body__letter__title_U\">U<\/h2>\n            <dl class=\"lexilink-display__body__letter__list\">\n\t\t\t\t            <\/dl>\n        <\/section>\n\n        \n        <section class=\"lexilink-display__body__letter empty \" data-id=\"V\" aria-labelledby=\"lexilink-display__body__letter__title_V\">\n            <div class=\"lexilink-display__body__letter__icon\"><\/div>\n            <div class=\"lexilink-display__body__letter__toggle\"><\/div>\n\t\t\t<h2 class=\"lexilink-display__body__letter__title\" id=\"lexilink-display__body__letter__title_V\">V<\/h2>\n            <dl class=\"lexilink-display__body__letter__list\">\n\t\t\t\t            <\/dl>\n        <\/section>\n\n        \n        <section class=\"lexilink-display__body__letter empty \" data-id=\"W\" aria-labelledby=\"lexilink-display__body__letter__title_W\">\n            <div class=\"lexilink-display__body__letter__icon\"><\/div>\n            <div class=\"lexilink-display__body__letter__toggle\"><\/div>\n\t\t\t<h2 class=\"lexilink-display__body__letter__title\" id=\"lexilink-display__body__letter__title_W\">W<\/h2>\n            <dl class=\"lexilink-display__body__letter__list\">\n\t\t\t\t            <\/dl>\n        <\/section>\n\n        \n        <section class=\"lexilink-display__body__letter empty \" data-id=\"X\" aria-labelledby=\"lexilink-display__body__letter__title_X\">\n            <div class=\"lexilink-display__body__letter__icon\"><\/div>\n            <div class=\"lexilink-display__body__letter__toggle\"><\/div>\n\t\t\t<h2 class=\"lexilink-display__body__letter__title\" id=\"lexilink-display__body__letter__title_X\">X<\/h2>\n            <dl class=\"lexilink-display__body__letter__list\">\n\t\t\t\t            <\/dl>\n        <\/section>\n\n        \n        <section class=\"lexilink-display__body__letter empty \" data-id=\"Y\" aria-labelledby=\"lexilink-display__body__letter__title_Y\">\n            <div class=\"lexilink-display__body__letter__icon\"><\/div>\n            <div class=\"lexilink-display__body__letter__toggle\"><\/div>\n\t\t\t<h2 class=\"lexilink-display__body__letter__title\" id=\"lexilink-display__body__letter__title_Y\">Y<\/h2>\n            <dl class=\"lexilink-display__body__letter__list\">\n\t\t\t\t            <\/dl>\n        <\/section>\n\n        \n        <section class=\"lexilink-display__body__letter empty \" data-id=\"Z\" aria-labelledby=\"lexilink-display__body__letter__title_Z\">\n            <div class=\"lexilink-display__body__letter__icon\"><\/div>\n            <div class=\"lexilink-display__body__letter__toggle\"><\/div>\n\t\t\t<h2 class=\"lexilink-display__body__letter__title\" id=\"lexilink-display__body__letter__title_Z\">Z<\/h2>\n            <dl class=\"lexilink-display__body__letter__list\">\n\t\t\t\t            <\/dl>\n        <\/section>\n\n            <\/div>\n\n<\/div>\n\t\t<script>\n\t\t\t\t\t\tdocument.addEventListener(\"DOMContentLoaded\",function(){document.querySelectorAll(\".lexilink-display__body__letter__list\").forEach(function(e){const t=e.querySelectorAll(\"li\");if(t.length>10){for(let e=10;e<t.length;e++)t[e].style.display=\"none\";const l=document.createElement(\"button\");l.textContent=\"Afficher plus\",l.className=\"lexilink-show-more-btn\",l.style.marginTop=\"10px\",e.parentNode.appendChild(l);let n=!1;l.classList.add(\"collapsed\"),l.addEventListener(\"click\",function(){n=!n;for(let e=10;e<t.length;e++)t[e].style.display=n?\"\":\"none\";l.textContent=n?\"Afficher moins\":\"Afficher plus\",l.classList.toggle(\"expanded\",n),l.classList.toggle(\"collapsed\",!n)})}})});\t\t<\/script>\n\t\t<\/div>\n\t\t\t\t\t\t<\/div>\n\t\t\t\t\t<\/div>\n\t\t\t\t<\/div>\n\t\t\t\t<\/div>\n\t\t","protected":false},"excerpt":{"rendered":"<p>Accueil Tanto si es empresario, directivo o promotor de proyectos, este glosario le ayudar\u00e1 a comprender f\u00e1cilmente los conceptos clave de los cr\u00e9ditos fiscales y otras medidas fiscales.<\/p>\n","protected":false},"author":1,"featured_media":0,"parent":0,"menu_order":0,"comment_status":"closed","ping_status":"closed","template":"","meta":{"_acf_changed":false,"_seopress_robots_primary_cat":"","_seopress_titles_title":"Glosario de la financiaci\u00f3n de la innovaci\u00f3n","_seopress_titles_desc":"Consulte nuestro glosario dedicado a la fiscalidad de la innovaci\u00f3n y a los mecanismos como I+D, IT: definiciones claras para comprender mejor.","_seopress_robots_index":"","footnotes":""},"class_list":["post-6988","page","type-page","status-publish","hentry"],"acf":[],"_links":{"self":[{"href":"https:\/\/birdinnov.com\/es\/wp-json\/wp\/v2\/pages\/6988","targetHints":{"allow":["GET"]}}],"collection":[{"href":"https:\/\/birdinnov.com\/es\/wp-json\/wp\/v2\/pages"}],"about":[{"href":"https:\/\/birdinnov.com\/es\/wp-json\/wp\/v2\/types\/page"}],"author":[{"embeddable":true,"href":"https:\/\/birdinnov.com\/es\/wp-json\/wp\/v2\/users\/1"}],"replies":[{"embeddable":true,"href":"https:\/\/birdinnov.com\/es\/wp-json\/wp\/v2\/comments?post=6988"}],"version-history":[{"count":5,"href":"https:\/\/birdinnov.com\/es\/wp-json\/wp\/v2\/pages\/6988\/revisions"}],"predecessor-version":[{"id":6996,"href":"https:\/\/birdinnov.com\/es\/wp-json\/wp\/v2\/pages\/6988\/revisions\/6996"}],"wp:attachment":[{"href":"https:\/\/birdinnov.com\/es\/wp-json\/wp\/v2\/media?parent=6988"}],"curies":[{"name":"wp","href":"https:\/\/api.w.org\/{rel}","templated":true}]}}