{"id":6920,"date":"2025-08-07T10:36:33","date_gmt":"2025-08-07T08:36:33","guid":{"rendered":"https:\/\/birdinnov.com\/politique-de-confidentialite\/"},"modified":"2025-10-22T12:05:50","modified_gmt":"2025-10-22T10:05:50","slug":"politica-de-privacidad","status":"publish","type":"page","link":"https:\/\/birdinnov.com\/es\/politica-de-privacidad\/","title":{"rendered":"Pol\u00edtica de confidencialidad"},"content":{"rendered":"\t\t<div data-elementor-type=\"wp-page\" data-elementor-id=\"6920\" class=\"elementor elementor-6920 elementor-5002\" data-elementor-post-type=\"page\">\n\t\t\t\t<header class=\"elementor-element elementor-element-bd5f155 e-flex e-con-boxed e-con e-parent\" data-id=\"bd5f155\" data-element_type=\"container\" data-e-type=\"container\">\n\t\t\t\t\t<div class=\"e-con-inner\">\n\t\t\t\t<div class=\"elementor-element elementor-element-305ee2d elementor-widget elementor-widget-heading\" data-id=\"305ee2d\" data-element_type=\"widget\" data-e-type=\"widget\" data-widget_type=\"heading.default\">\n\t\t\t\t\t<h1 class=\"elementor-heading-title elementor-size-default\">Pol\u00edtica de confidencialidad<\/h1>\t\t\t\t<\/div>\n\t\t\t\t\t<\/div>\n\t\t\t\t<\/header>\n\t\t<div class=\"elementor-element elementor-element-392baac e-flex e-con-boxed e-con e-parent\" data-id=\"392baac\" data-element_type=\"container\" data-e-type=\"container\">\n\t\t\t\t\t<div class=\"e-con-inner\">\n\t\t<section class=\"elementor-element elementor-element-f33a14f e-con-full e-flex e-con e-child\" data-id=\"f33a14f\" data-element_type=\"container\" data-e-type=\"container\">\n\t\t\t\t<div class=\"elementor-element elementor-element-ed561ec elementor-widget elementor-widget-heading\" data-id=\"ed561ec\" data-element_type=\"widget\" data-e-type=\"widget\" data-widget_type=\"heading.default\">\n\t\t\t\t\t<h2 class=\"elementor-heading-title elementor-size-default\">Condiciones de uso\n<\/h2>\t\t\t\t<\/div>\n\t\t\t\t<div class=\"elementor-element elementor-element-13a0acd elementor-widget elementor-widget-text-editor\" data-id=\"13a0acd\" data-element_type=\"widget\" data-e-type=\"widget\" data-widget_type=\"text-editor.default\">\n\t\t\t\t\t\t\t\t\t<p><span style=\"font-weight: 400;\">Este sitio (birdinnov.com) se ofrece en diferentes lenguajes web (HTML, HTML5, Javascript, CSS, etc.) para una mejor comodidad de uso y un dise\u00f1o m\u00e1s agradable. Le recomendamos utilizar navegadores modernos como Internet Explorer, Safari, Firefox, Google Chrome, etc.<\/span><\/p><p><span style=\"font-weight: 400;\">BIRDINNOV emplea todos los medios a su disposici\u00f3n para garantizar una informaci\u00f3n fiable y una actualizaci\u00f3n precisa de sus sitios web. No obstante, pueden producirse errores u omisiones. Por lo tanto, el usuario debe asegurarse de la exactitud de la informaci\u00f3n con BIRDINNOV y se\u00f1alar cualquier modificaci\u00f3n del sitio que considere \u00fatil. Birdinnov no se hace en ning\u00fan caso responsable del uso que se haga de dicha informaci\u00f3n ni de los perjuicios directos o indirectos que puedan derivarse.<\/span><\/p>\t\t\t\t\t\t\t\t<\/div>\n\t\t\t\t<\/section>\n\t\t<section class=\"elementor-element elementor-element-b93b021 e-con-full e-flex e-con e-child\" data-id=\"b93b021\" data-element_type=\"container\" data-e-type=\"container\">\n\t\t\t\t<div class=\"elementor-element elementor-element-bd08f80 elementor-widget elementor-widget-heading\" data-id=\"bd08f80\" data-element_type=\"widget\" data-e-type=\"widget\" data-widget_type=\"heading.default\">\n\t\t\t\t\t<h2 class=\"elementor-heading-title elementor-size-default\">Cookies<\/h2>\t\t\t\t<\/div>\n\t\t\t\t<div class=\"elementor-element elementor-element-e272937 elementor-widget elementor-widget-text-editor\" data-id=\"e272937\" data-element_type=\"widget\" data-e-type=\"widget\" data-widget_type=\"text-editor.default\">\n\t\t\t\t\t\t\t\t\t<p><span style=\"font-weight: 400;\">El sitio<\/span> <a href=\"https:\/\/birdinnov.com\/es\/\" data-wplink-edit=\"true\"><span style=\"font-weight: 400;\">www.birdinnov.com<\/span><\/a><span style=\"font-weight: 400;\"> puede solicitarle la aceptaci\u00f3n de cookies con fines estad\u00edsticos y de visualizaci\u00f3n. Una cookie es una informaci\u00f3n almacenada en su disco duro por el servidor del sitio que visita. Contiene varios datos que se guardan en su ordenador en un simple archivo de texto al que accede un servidor para leer y registrar informaci\u00f3n. Algunas partes de este sitio no pueden funcionar correctamente sin la aceptaci\u00f3n de cookies.<\/span><\/p>\t\t\t\t\t\t\t\t<\/div>\n\t\t\t\t<\/section>\n\t\t<section class=\"elementor-element elementor-element-f4bd07f e-con-full e-flex e-con e-child\" data-id=\"f4bd07f\" data-element_type=\"container\" data-e-type=\"container\">\n\t\t\t\t<div class=\"elementor-element elementor-element-7f23c78 elementor-widget elementor-widget-heading\" data-id=\"7f23c78\" data-element_type=\"widget\" data-e-type=\"widget\" data-widget_type=\"heading.default\">\n\t\t\t\t\t<h2 class=\"elementor-heading-title elementor-size-default\">Enlaces hipertexto\n<\/h2>\t\t\t\t<\/div>\n\t\t\t\t<div class=\"elementor-element elementor-element-c00a30f elementor-widget elementor-widget-text-editor\" data-id=\"c00a30f\" data-element_type=\"widget\" data-e-type=\"widget\" data-widget_type=\"text-editor.default\">\n\t\t\t\t\t\t\t\t\t<p><span style=\"font-weight: 400;\">SAS BIRDINNOV no dispone de ning\u00fan medio para controlar los sitios conectados con sus sitios web. Birdinnov no responde por la disponibilidad de dichos sitios y fuentes externas, ni la garantiza. No se hace responsable de ning\u00fan da\u00f1o, de cualquier naturaleza, que resulte del contenido de estos sitios o fuentes externas, y en particular de la informaci\u00f3n, productos o servicios que ofrecen, ni de cualquier uso que pueda hacerse de estos elementos. Los riesgos relacionados con este uso corresponden plenamente al usuario, quien debe respetar sus condiciones de uso.<\/span><\/p><p><span style=\"font-weight: 400;\">Los usuarios, suscriptores y visitantes de los sitios web no pueden establecer un hiperv\u00ednculo hacia este sitio sin la autorizaci\u00f3n expresa y previa de SAS BIRDINNOV. En caso de que un usuario o visitante desee establecer un hiperv\u00ednculo hacia el sitio web de BIRDINNOV, deber\u00e1 enviar un correo electr\u00f3nico accesible desde el sitio para formular su solicitud. SAS BIRDINNOV se reserva el derecho de aceptar o rechazar un hiperv\u00ednculo sin tener que justificar su decisi\u00f3n.<\/span><\/p>\t\t\t\t\t\t\t\t<\/div>\n\t\t\t\t<\/section>\n\t\t<section class=\"elementor-element elementor-element-5469bdd e-con-full e-flex e-con e-child\" data-id=\"5469bdd\" data-element_type=\"container\" data-e-type=\"container\">\n\t\t\t\t<div class=\"elementor-element elementor-element-7467c79 elementor-widget elementor-widget-heading\" data-id=\"7467c79\" data-element_type=\"widget\" data-e-type=\"widget\" data-widget_type=\"heading.default\">\n\t\t\t\t\t<h2 class=\"elementor-heading-title elementor-size-default\">Servicios proporcionados\n<\/h2>\t\t\t\t<\/div>\n\t\t\t\t<div class=\"elementor-element elementor-element-6ac1400 elementor-widget elementor-widget-text-editor\" data-id=\"6ac1400\" data-element_type=\"widget\" data-e-type=\"widget\" data-widget_type=\"text-editor.default\">\n\t\t\t\t\t\t\t\t\t<p><span style=\"font-weight: 400;\">Todas las actividades de la empresa, as\u00ed como su informaci\u00f3n, se presentan en nuestro sitio<\/span><a href=\"https:\/\/birdinnov.com\/es\/\"> <span style=\"font-weight: 400;\">www.birdinnov.com<\/span><\/a><span style=\"font-weight: 400;\">. SAS BIRDINNOV se esfuerza por proporcionar en el sitio<\/span><a href=\"https:\/\/birdinnov.com\/es\/\"> <span style=\"font-weight: 400;\">www.birdinnov.com<\/span><\/a><span style=\"font-weight: 400;\"> informaci\u00f3n lo m\u00e1s precisa posible. Los datos indicados en el sitio<\/span><a href=\"https:\/\/birdinnov.com\/es\/\"> <span style=\"font-weight: 400;\">www.birdinnov.com<\/span><\/a><span style=\"font-weight: 400;\"> no son exhaustivos y las fotos no son contractuales. Se proporcionan con reserva de las modificaciones que se hayan podido realizar desde su publicaci\u00f3n en l\u00ednea. Adem\u00e1s, toda la informaci\u00f3n indicada en el sitio<\/span><a href=\"https:\/\/birdinnov.com\/es\/\"> <span style=\"font-weight: 400;\">www.birdinnov.com<\/span><\/a><span style=\"font-weight: 400;\"> se da a t\u00edtulo informativo y puede cambiar o evolucionar sin previo aviso.<\/span><\/p>\t\t\t\t\t\t\t\t<\/div>\n\t\t\t\t<\/section>\n\t\t<section class=\"elementor-element elementor-element-e522138 e-con-full e-flex e-con e-child\" data-id=\"e522138\" data-element_type=\"container\" data-e-type=\"container\">\n\t\t\t\t<div class=\"elementor-element elementor-element-6989f2c elementor-widget elementor-widget-heading\" data-id=\"6989f2c\" data-element_type=\"widget\" data-e-type=\"widget\" data-widget_type=\"heading.default\">\n\t\t\t\t\t<h2 class=\"elementor-heading-title elementor-size-default\">Limitaciones contractuales sobre los datos\n<\/h2>\t\t\t\t<\/div>\n\t\t\t\t<div class=\"elementor-element elementor-element-63f2725 elementor-widget elementor-widget-text-editor\" data-id=\"63f2725\" data-element_type=\"widget\" data-e-type=\"widget\" data-widget_type=\"text-editor.default\">\n\t\t\t\t\t\t\t\t\t<p><span style=\"font-weight: 400;\">La informaci\u00f3n contenida en este sitio es lo m\u00e1s precisa posible y el sitio se actualiza en diferentes momentos del a\u00f1o, pero puede contener inexactitudes u omisiones. Si detecta alguna deficiencia, error o lo que parezca ser un mal funcionamiento, le rogamos que lo notifique por correo electr\u00f3nico a la direcci\u00f3n contact@birdinnov.com describiendo el problema de la forma m\u00e1s precisa posible (p\u00e1gina en cuesti\u00f3n, tipo de ordenador y navegador utilizado, etc.).<\/span><\/p><p><span style=\"font-weight: 400;\">Todo contenido descargado se realiza bajo la responsabilidad y riesgo del usuario. En consecuencia, BIRDINNOV no se hace responsable de ning\u00fan da\u00f1o sufrido por el ordenador del usuario ni de ninguna p\u00e9rdida de datos resultante de la descarga. Adem\u00e1s, el usuario del sitio se compromete a acceder al mismo utilizando un equipo reciente, libre de virus y con un navegador de \u00faltima generaci\u00f3n actualizado. Los enlaces hipertexto establecidos en este sitio web hacia otros recursos disponibles en la red Internet no comprometen la responsabilidad de SAS BIRDINNOV.<\/span><\/p>\t\t\t\t\t\t\t\t<\/div>\n\t\t\t\t<\/section>\n\t\t<section class=\"elementor-element elementor-element-3025f10 e-con-full e-flex e-con e-child\" data-id=\"3025f10\" data-element_type=\"container\" data-e-type=\"container\">\n\t\t\t\t<div class=\"elementor-element elementor-element-c44f9c7 elementor-widget elementor-widget-heading\" data-id=\"c44f9c7\" data-element_type=\"widget\" data-e-type=\"widget\" data-widget_type=\"heading.default\">\n\t\t\t\t\t<h2 class=\"elementor-heading-title elementor-size-default\">Propiedad intelectual\n<\/h2>\t\t\t\t<\/div>\n\t\t\t\t<div class=\"elementor-element elementor-element-0cc2831 elementor-widget elementor-widget-text-editor\" data-id=\"0cc2831\" data-element_type=\"widget\" data-e-type=\"widget\" data-widget_type=\"text-editor.default\">\n\t\t\t\t\t\t\t\t\t<p><span style=\"font-weight: 400;\">Todo el contenido del sitio<\/span><a href=\"https:\/\/birdinnov.com\/es\/\"> <span style=\"font-weight: 400;\">www.birdinnov.com<\/span><\/a><span style=\"font-weight: 400;\"> incluyendo, sin limitarse a, gr\u00e1ficos, im\u00e1genes, textos, v\u00eddeos, animaciones, sonidos, logotipos, gifs e iconos, as\u00ed como su dise\u00f1o, son propiedad exclusiva de la empresa, salvo las marcas, logotipos o contenidos que pertenezcan a otras empresas colaboradoras o autores.<\/span><\/p><p><span style=\"font-weight: 400;\">Queda estrictamente prohibida toda reproducci\u00f3n, distribuci\u00f3n, modificaci\u00f3n, adaptaci\u00f3n, retransmisi\u00f3n o publicaci\u00f3n, incluso parcial, de estos diferentes elementos sin el consentimiento expreso y por escrito de SAS BIRDINNOV. Esta representaci\u00f3n o reproducci\u00f3n, por cualquier medio, constituye una infracci\u00f3n sancionada por los art\u00edculos L.335-2 y siguientes del C\u00f3digo de la Propiedad Intelectual. El incumplimiento de esta prohibici\u00f3n constituye una falsificaci\u00f3n que puede implicar la responsabilidad civil y penal del infractor. Adem\u00e1s, los propietarios de los contenidos copiados podr\u00edan emprender acciones legales en su contra.<\/span><\/p>\t\t\t\t\t\t\t\t<\/div>\n\t\t\t\t<\/section>\n\t\t<section class=\"elementor-element elementor-element-042611e e-con-full e-flex e-con e-child\" data-id=\"042611e\" data-element_type=\"container\" data-e-type=\"container\">\n\t\t\t\t<div class=\"elementor-element elementor-element-a3f54ab elementor-widget elementor-widget-heading\" data-id=\"a3f54ab\" data-element_type=\"widget\" data-e-type=\"widget\" data-widget_type=\"heading.default\">\n\t\t\t\t\t<h2 class=\"elementor-heading-title elementor-size-default\">Litigios<\/h2>\t\t\t\t<\/div>\n\t\t\t\t<div class=\"elementor-element elementor-element-7554a89 elementor-widget elementor-widget-text-editor\" data-id=\"7554a89\" data-element_type=\"widget\" data-e-type=\"widget\" data-widget_type=\"text-editor.default\">\n\t\t\t\t\t\t\t\t\t<p><span style=\"font-weight: 400;\">Las presentes condiciones del sitio<\/span><a href=\"https:\/\/birdinnov.com\/es\/\"> <span style=\"font-weight: 400;\">www.birdinnov.com<\/span><\/a><span style=\"font-weight: 400;\"> se rigen por la legislaci\u00f3n francesa y cualquier disputa o conflicto que pueda surgir de la interpretaci\u00f3n o ejecuci\u00f3n de las mismas ser\u00e1 competencia exclusiva de los tribunales correspondientes al domicilio social de la empresa. El idioma de referencia para la resoluci\u00f3n de posibles litigios es el franc\u00e9s.<\/span><\/p>\t\t\t\t\t\t\t\t<\/div>\n\t\t\t\t<\/section>\n\t\t<section class=\"elementor-element elementor-element-786d725 e-con-full e-flex e-con e-child\" data-id=\"786d725\" data-element_type=\"container\" data-e-type=\"container\">\n\t\t\t\t<div class=\"elementor-element elementor-element-2401930 elementor-widget elementor-widget-heading\" data-id=\"2401930\" data-element_type=\"widget\" data-e-type=\"widget\" data-widget_type=\"heading.default\">\n\t\t\t\t\t<h2 class=\"elementor-heading-title elementor-size-default\">Datos personales\n<\/h2>\t\t\t\t<\/div>\n\t\t\t\t<div class=\"elementor-element elementor-element-40718a3 elementor-widget elementor-widget-text-editor\" data-id=\"40718a3\" data-element_type=\"widget\" data-e-type=\"widget\" data-widget_type=\"text-editor.default\">\n\t\t\t\t\t\t\t\t\t<p><span style=\"font-weight: 400;\">En general, no est\u00e1 obligado a proporcionarnos sus datos personales cuando visita nuestro sitio web<\/span><a href=\"https:\/\/birdinnov.com\/es\/\"> <span style=\"font-weight: 400;\">www.birdinnov.com<\/span><\/a><span style=\"font-weight: 400;\">. Sin embargo, este principio tiene algunas excepciones. En efecto, para ciertos servicios ofrecidos por nuestro sitio, puede que se le solicite que nos proporcione ciertos datos, como: su nombre, el nombre de su empresa, su direcci\u00f3n de correo electr\u00f3nico y su n\u00famero de tel\u00e9fono. Este es el caso, por ejemplo, cuando rellena el formulario disponible en l\u00ednea en la secci\u00f3n \u00abContacto\u00bb. En todos los casos, puede negarse a proporcionar sus datos personales. En ese caso, no podr\u00e1 utilizar los servicios del sitio, especialmente el de solicitar informaci\u00f3n sobre nuestra empresa o recibir boletines informativos.<\/span><\/p><p><span style=\"font-weight: 400;\">Finalmente, podemos recopilar de manera autom\u00e1tica cierta informaci\u00f3n sobre usted durante su navegaci\u00f3n en nuestro sitio web, en particular: informaci\u00f3n relativa al uso del sitio, como las \u00e1reas que visita y los servicios a los que accede, su direcci\u00f3n IP, el tipo de navegador que utiliza, y sus horarios de acceso. Esta informaci\u00f3n se utiliza exclusivamente con fines estad\u00edsticos internos, para mejorar la calidad de los servicios que se le ofrecen. Las bases de datos est\u00e1n protegidas por las disposiciones de la ley del 1 de julio de 1998 que transpone la directiva 96\/9 del 11 de marzo de 1996 relativa a la protecci\u00f3n jur\u00eddica de las bases de datos.<\/span><\/p>\t\t\t\t\t\t\t\t<\/div>\n\t\t\t\t<\/section>\n\t\t\t\t\t<\/div>\n\t\t\t\t<\/div>\n\t\t\t\t<\/div>\n\t\t","protected":false},"excerpt":{"rendered":"<p>Condiciones de uso Este sitio (birdinnov.com) se ofrece en diferentes lenguajes web (HTML, HTML5, Javascript, CSS, etc.) para una mejor comodidad de uso y un dise\u00f1o m\u00e1s agradable. Le recomendamos utilizar navegadores modernos como Internet Explorer, Safari, Firefox, Google Chrome, etc. BIRDINNOV emplea todos los medios a su disposici\u00f3n para garantizar una informaci\u00f3n fiable y [&hellip;]<\/p>\n","protected":false},"author":1,"featured_media":0,"parent":0,"menu_order":0,"comment_status":"closed","ping_status":"closed","template":"","meta":{"_acf_changed":false,"_seopress_robots_primary_cat":"","_seopress_titles_title":"Pol\u00edtica de privacidad","_seopress_titles_desc":"Descubra nuestra pol\u00edtica de privacidad.","_seopress_robots_index":"","footnotes":""},"class_list":["post-6920","page","type-page","status-publish","hentry"],"acf":[],"_links":{"self":[{"href":"https:\/\/birdinnov.com\/es\/wp-json\/wp\/v2\/pages\/6920","targetHints":{"allow":["GET"]}}],"collection":[{"href":"https:\/\/birdinnov.com\/es\/wp-json\/wp\/v2\/pages"}],"about":[{"href":"https:\/\/birdinnov.com\/es\/wp-json\/wp\/v2\/types\/page"}],"author":[{"embeddable":true,"href":"https:\/\/birdinnov.com\/es\/wp-json\/wp\/v2\/users\/1"}],"replies":[{"embeddable":true,"href":"https:\/\/birdinnov.com\/es\/wp-json\/wp\/v2\/comments?post=6920"}],"version-history":[{"count":5,"href":"https:\/\/birdinnov.com\/es\/wp-json\/wp\/v2\/pages\/6920\/revisions"}],"predecessor-version":[{"id":7741,"href":"https:\/\/birdinnov.com\/es\/wp-json\/wp\/v2\/pages\/6920\/revisions\/7741"}],"wp:attachment":[{"href":"https:\/\/birdinnov.com\/es\/wp-json\/wp\/v2\/media?parent=6920"}],"curies":[{"name":"wp","href":"https:\/\/api.w.org\/{rel}","templated":true}]}}