{"id":6902,"date":"2025-07-24T19:44:52","date_gmt":"2025-07-24T17:44:52","guid":{"rendered":"https:\/\/birdinnov.com\/notre-expertise\/"},"modified":"2025-09-19T19:39:41","modified_gmt":"2025-09-19T17:39:41","slug":"nuestra-experiencia","status":"publish","type":"page","link":"https:\/\/birdinnov.com\/es\/nuestra-experiencia\/","title":{"rendered":"Nuestra experiencia"},"content":{"rendered":"\t\t<div data-elementor-type=\"wp-page\" data-elementor-id=\"6902\" class=\"elementor elementor-6902 elementor-642\" data-elementor-post-type=\"page\">\n\t\t\t\t<header class=\"elementor-element elementor-element-7c27e48 e-flex e-con-boxed e-con e-parent\" data-id=\"7c27e48\" data-element_type=\"container\" data-e-type=\"container\" data-settings=\"{&quot;background_background&quot;:&quot;classic&quot;}\">\n\t\t\t\t\t<div class=\"e-con-inner\">\n\t\t\t\t<div class=\"elementor-element elementor-element-bd87e33 elementor-widget elementor-widget-sp-breadcrumbs\" data-id=\"bd87e33\" data-element_type=\"widget\" data-e-type=\"widget\" data-widget_type=\"sp-breadcrumbs.default\">\n\t\t\t\t<div class=\"elementor-widget-container\">\n\t\t\t\t\t<nav  aria-label=\"migas de pan\"><ol class=\"breadcrumb\"><li class=\"breadcrumb-item active\" aria-current=\"page\"><span>Inicio<\/span><\/li><\/ol><\/nav>\t\t\t\t<\/div>\n\t\t\t\t<\/div>\n\t\t\t\t<div class=\"elementor-element elementor-element-df90044 elementor-widget elementor-widget-heading\" data-id=\"df90044\" data-element_type=\"widget\" data-e-type=\"widget\" data-widget_type=\"heading.default\">\n\t\t\t\t\t<h1 class=\"elementor-heading-title elementor-size-default\">Nuestra experiencia<\/h1>\t\t\t\t<\/div>\n\t\t\t\t\t<\/div>\n\t\t\t\t<\/header>\n\t\t<div class=\"elementor-element elementor-element-dd85d4e e-flex e-con-boxed e-con e-parent\" data-id=\"dd85d4e\" data-element_type=\"container\" data-e-type=\"container\">\n\t\t\t\t\t<div class=\"e-con-inner\">\n\t\t\t\t<div class=\"elementor-element elementor-element-790e617 elementor-widget elementor-widget-text-editor\" data-id=\"790e617\" data-element_type=\"widget\" data-e-type=\"widget\" data-widget_type=\"text-editor.default\">\n\t\t\t\t\t\t\t\t\t<p><span style=\"font-weight: 400;\">Te ayudamos a hacer que tus operaciones de <strong>I+D sean elegibles<\/strong> para los distintos tipos de financiaci\u00f3n p\u00fablica. Preparamos tus expedientes de solicitud para maximizar tus posibilidades de obtener ayudas. Utilizamos tus datos para ayudarte a tomar las decisiones correctas.<\/span><\/p>\t\t\t\t\t\t\t\t<\/div>\n\t\t<div class=\"elementor-element elementor-element-3f42b90 e-con-full e-flex e-con e-child\" data-id=\"3f42b90\" data-element_type=\"container\" data-e-type=\"container\">\n\t\t\t\t<div class=\"elementor-element elementor-element-9c41a9f elementor-position-left elementor-vertical-align-middle elementor-position-left elementor-vertical-align-top elementor-widget elementor-widget-image-box\" data-id=\"9c41a9f\" data-element_type=\"widget\" data-e-type=\"widget\" data-widget_type=\"image-box.default\">\n\t\t\t\t\t<div class=\"elementor-image-box-wrapper\"><figure class=\"elementor-image-box-img\"><img decoding=\"async\" width=\"120\" height=\"120\" src=\"https:\/\/birdinnov.com\/wp-content\/uploads\/2025\/07\/Demande-dagrement.webp\" class=\"attachment-full size-full wp-image-798\" alt=\"Personnage stylis\u00e9 tenant une grande bulle de pens\u00e9e avec des symboles \u00e0 l&#039;int\u00e9rieur.\" \/><\/figure><div class=\"elementor-image-box-content\"><div class=\"elementor-image-box-title\">Solicitud de acreditaci\u00f3n<\/div><\/div><\/div>\t\t\t\t<\/div>\n\t\t\t\t<div class=\"elementor-element elementor-element-712b3d4 elementor-position-left elementor-vertical-align-middle elementor-widget elementor-widget-image-box\" data-id=\"712b3d4\" data-element_type=\"widget\" data-e-type=\"widget\" data-widget_type=\"image-box.default\">\n\t\t\t\t\t<div class=\"elementor-image-box-wrapper\"><figure class=\"elementor-image-box-img\"><img decoding=\"async\" width=\"121\" height=\"120\" src=\"https:\/\/birdinnov.com\/wp-content\/uploads\/2025\/07\/Montage-de-dossiers.webp\" class=\"attachment-full size-full wp-image-797\" alt=\"Ic\u00f4ne d&#039;une personne travaillant sur un ordinateur avec un symbole d&#039;horloge.\" \/><\/figure><div class=\"elementor-image-box-content\"><div class=\"elementor-image-box-title\">Elaboraci\u00f3n de expedientes<\/div><\/div><\/div>\t\t\t\t<\/div>\n\t\t\t\t<div class=\"elementor-element elementor-element-67707df elementor-position-left elementor-vertical-align-middle elementor-widget elementor-widget-image-box\" data-id=\"67707df\" data-element_type=\"widget\" data-e-type=\"widget\" data-widget_type=\"image-box.default\">\n\t\t\t\t\t<div class=\"elementor-image-box-wrapper\"><figure class=\"elementor-image-box-img\"><img decoding=\"async\" width=\"121\" height=\"120\" src=\"https:\/\/birdinnov.com\/wp-content\/uploads\/2025\/07\/Gestion-de-projets.webp\" class=\"attachment-full size-full wp-image-796\" alt=\"Une ic\u00f4ne repr\u00e9sentant une personne utilisant un ordinateur avec des documents.\" \/><\/figure><div class=\"elementor-image-box-content\"><div class=\"elementor-image-box-title\">Gesti\u00f3n de proyectos<\/div><\/div><\/div>\t\t\t\t<\/div>\n\t\t\t\t<div class=\"elementor-element elementor-element-6f10b31 elementor-position-left elementor-vertical-align-middle elementor-vertical-align-middle elementor-widget elementor-widget-image-box\" data-id=\"6f10b31\" data-element_type=\"widget\" data-e-type=\"widget\" data-widget_type=\"image-box.default\">\n\t\t\t\t\t<div class=\"elementor-image-box-wrapper\"><figure class=\"elementor-image-box-img\"><img loading=\"lazy\" decoding=\"async\" width=\"120\" height=\"120\" src=\"https:\/\/birdinnov.com\/wp-content\/uploads\/2025\/07\/Accompagnement-strategique.webp\" class=\"attachment-full size-full wp-image-795\" alt=\"Un personnage stylis\u00e9 avan\u00e7ant avec un b\u00e2ton lumineux, devant une \u00e9toile.\" \/><\/figure><div class=\"elementor-image-box-content\"><div class=\"elementor-image-box-title\">Acompa\u00f1amiento estrat\u00e9gico<\/div><\/div><\/div>\t\t\t\t<\/div>\n\t\t\t\t<\/div>\n\t\t\t\t\t<\/div>\n\t\t\t\t<\/div>\n\t\t<section class=\"elementor-element elementor-element-3062a23 e-flex e-con-boxed e-con e-parent\" data-id=\"3062a23\" data-element_type=\"container\" data-e-type=\"container\">\n\t\t\t\t\t<div class=\"e-con-inner\">\n\t\t\t\t<div class=\"elementor-element elementor-element-800109a elementor-widget elementor-widget-heading\" data-id=\"800109a\" data-element_type=\"widget\" data-e-type=\"widget\" data-widget_type=\"heading.default\">\n\t\t\t\t\t<h2 class=\"elementor-heading-title elementor-size-default\"><span>Nuestros valores<\/span> a\u00f1adidos<\/h2>\t\t\t\t<\/div>\n\t\t<div class=\"elementor-element elementor-element-c05e710 e-con-full e-flex e-con e-child\" data-id=\"c05e710\" data-element_type=\"container\" data-e-type=\"container\">\n\t\t\t\t<div class=\"elementor-element elementor-element-5c1b129 elementor-position-top elementor-position-top elementor-widget elementor-widget-image-box\" data-id=\"5c1b129\" data-element_type=\"widget\" data-e-type=\"widget\" data-widget_type=\"image-box.default\">\n\t\t\t\t\t<div class=\"elementor-image-box-wrapper\"><figure class=\"elementor-image-box-img\"><img loading=\"lazy\" decoding=\"async\" width=\"140\" height=\"140\" src=\"https:\/\/birdinnov.com\/wp-content\/uploads\/2025\/07\/Performance.webp\" class=\"attachment-full size-full wp-image-794\" alt=\"Ic\u00f4ne d&#039;un b\u00e2timent avec des graphiques de croissance.\" \/><\/figure><div class=\"elementor-image-box-content\"><h3 class=\"elementor-image-box-title\">Rendimiento<\/h3><p class=\"elementor-image-box-description\">En el coraz\u00f3n de BirdINNOV hay una red de ingenieros y doctores especializados en diversos campos como el digital, la industria, la qu\u00edmica y bioqu\u00edmica, la agroalimentaci\u00f3n, los datos\u2026 que nos acompa\u00f1an y nos permiten construir expedientes precisos y altamente eficaces. Esta es una de las claves de nuestra experiencia.\n<\/p><\/div><\/div>\t\t\t\t<\/div>\n\t\t\t\t<div class=\"elementor-element elementor-element-2a1232d elementor-position-top elementor-position-top elementor-widget elementor-widget-image-box\" data-id=\"2a1232d\" data-element_type=\"widget\" data-e-type=\"widget\" data-widget_type=\"image-box.default\">\n\t\t\t\t\t<div class=\"elementor-image-box-wrapper\"><figure class=\"elementor-image-box-img\"><img loading=\"lazy\" decoding=\"async\" width=\"141\" height=\"140\" src=\"https:\/\/birdinnov.com\/wp-content\/uploads\/2025\/07\/Experience.webp\" class=\"attachment-full size-full wp-image-800\" alt=\"Ic\u00f4ne d&#039;une t\u00eate avec des \u00e9toiles sortant, symbolisant des id\u00e9es cr\u00e9atives.\" \/><\/figure><div class=\"elementor-image-box-content\"><h3 class=\"elementor-image-box-title\">Experiencia<\/h3><p class=\"elementor-image-box-description\">Con m\u00e1s de 10 a\u00f1os de experiencia en programas de innovaci\u00f3n y de I+D, determinamos con precisi\u00f3n a qu\u00e9 subvenciones puedes acceder, nos encargamos de cumplimentar tu declaraci\u00f3n, de la mano de tu asesor contable, y te ofrecemos una presencia y experiencia t\u00e9cnica tranquilizadora y \u00fatil en caso de inspecci\u00f3n por parte de la administraci\u00f3n fiscal.\n<\/p><\/div><\/div>\t\t\t\t<\/div>\n\t\t\t\t<div class=\"elementor-element elementor-element-2549b6a elementor-position-top elementor-position-top elementor-widget elementor-widget-image-box\" data-id=\"2549b6a\" data-element_type=\"widget\" data-e-type=\"widget\" data-widget_type=\"image-box.default\">\n\t\t\t\t\t<div class=\"elementor-image-box-wrapper\"><figure class=\"elementor-image-box-img\"><img loading=\"lazy\" decoding=\"async\" width=\"141\" height=\"140\" src=\"https:\/\/birdinnov.com\/wp-content\/uploads\/2025\/07\/Confiance.webp\" class=\"attachment-full size-full wp-image-799\" alt=\"Ic\u00f4ne bleue illustrant l&#039;\u00e9change de ressources entre deux personnes.\" \/><\/figure><div class=\"elementor-image-box-content\"><h3 class=\"elementor-image-box-title\">Confianza<\/h3><p class=\"elementor-image-box-description\">No escatimamos esfuerzos para ser un socio estrat\u00e9gico para nuestros clientes, y hoy tenemos la suerte de contar con su confianza. Y porque esta misi\u00f3n es un verdadero compromiso empresarial, BirdINNOV solo se remunera por la I+D y la IT en caso de que se obtenga financiaci\u00f3n. Una estrategia de ganar-ganar para nuestras microempresas y pymes.\n<\/p><\/div><\/div>\t\t\t\t<\/div>\n\t\t\t\t<\/div>\n\t\t\t\t\t<\/div>\n\t\t\t\t<\/section>\n\t\t<section class=\"elementor-element elementor-element-6f6106f e-flex e-con-boxed e-con e-parent\" data-id=\"6f6106f\" data-element_type=\"container\" data-e-type=\"container\">\n\t\t\t\t\t<div class=\"e-con-inner\">\n\t\t<div class=\"elementor-element elementor-element-18cb9f6 e-con-full e-flex e-con e-child\" data-id=\"18cb9f6\" data-element_type=\"container\" data-e-type=\"container\">\n\t\t\t\t<div class=\"elementor-element elementor-element-79c4676 elementor-widget elementor-widget-heading\" data-id=\"79c4676\" data-element_type=\"widget\" data-e-type=\"widget\" data-widget_type=\"heading.default\">\n\t\t\t\t\t<h2 class=\"elementor-heading-title elementor-size-default\">Elige <span>tranquilidad y rendimiento<\/span><\/h2>\t\t\t\t<\/div>\n\t\t\t\t<div class=\"elementor-element elementor-element-538b700 elementor-widget elementor-widget-text-editor\" data-id=\"538b700\" data-element_type=\"widget\" data-e-type=\"widget\" data-widget_type=\"text-editor.default\">\n\t\t\t\t\t\t\t\t\t<p><span style=\"font-weight: 400;\">Estamos convencidos de que apoyar a las <strong>microempresas<\/strong> y <strong>pymes<\/strong> innovadoras es una piedra angular del ecosistema del ma\u00f1ana. Impulsando la innovaci\u00f3n a trav\u00e9s de la financiaci\u00f3n p\u00fablica, <strong>BirdINNOV<\/strong> contribuye al \u00e9xito de la <strong>French Tech<\/strong> y de todas las empresas con alto valor a\u00f1adido.<\/span><\/p>\t\t\t\t\t\t\t\t<\/div>\n\t\t\t\t<div class=\"elementor-element elementor-element-8659c6a elementor-widget elementor-widget-button\" data-id=\"8659c6a\" data-element_type=\"widget\" data-e-type=\"widget\" data-widget_type=\"button.default\">\n\t\t\t\t\t\t\t\t\t\t<a class=\"elementor-button elementor-button-link elementor-size-sm\" href=\"https:\/\/birdinnov.com\/es\/contacto\/\">\n\t\t\t\t\t\t<span class=\"elementor-button-content-wrapper\">\n\t\t\t\t\t\t<span class=\"elementor-button-icon\">\n\t\t\t\t<svg xmlns=\"http:\/\/www.w3.org\/2000\/svg\" width=\"26\" height=\"26\" viewBox=\"0 0 26 26\" fill=\"none\"><path d=\"M4.24261 21.3358L21.2132 4.36525\" stroke=\"white\" stroke-width=\"1.5\" stroke-linecap=\"round\"><\/path><path d=\"M12.7279 4.36523H21.2132V12.8505\" stroke=\"#5FB4E5\" stroke-width=\"1.5\" stroke-linecap=\"round\" stroke-linejoin=\"round\"><\/path><\/svg>\t\t\t<\/span>\n\t\t\t\t\t\t\t\t\t<span class=\"elementor-button-text\">Cont\u00e1ctanos<\/span>\n\t\t\t\t\t<\/span>\n\t\t\t\t\t<\/a>\n\t\t\t\t\t\t\t\t<\/div>\n\t\t\t\t<\/div>\n\t\t<div class=\"elementor-element elementor-element-d639254 e-con-full e-flex e-con e-child\" data-id=\"d639254\" data-element_type=\"container\" data-e-type=\"container\">\n\t\t\t\t<div class=\"elementor-element elementor-element-135f021 elementor-widget elementor-widget-image\" data-id=\"135f021\" data-element_type=\"widget\" data-e-type=\"widget\" data-widget_type=\"image.default\">\n\t\t\t\t\t\t\t\t\t\t\t\t\t\t\t<img loading=\"lazy\" decoding=\"async\" width=\"1648\" height=\"910\" src=\"https:\/\/birdinnov.com\/wp-content\/uploads\/2025\/07\/employee-showing-appreciation-each-other.webp\" class=\"attachment-full size-full wp-image-6754\" alt=\"Cinq personnes discutent ensemble devant un ordinateur portable en ext\u00e9rieur.\" srcset=\"https:\/\/birdinnov.com\/wp-content\/uploads\/2025\/07\/employee-showing-appreciation-each-other.webp 1648w, https:\/\/birdinnov.com\/wp-content\/uploads\/2025\/07\/employee-showing-appreciation-each-other-300x166.webp 300w, https:\/\/birdinnov.com\/wp-content\/uploads\/2025\/07\/employee-showing-appreciation-each-other-1024x565.webp 1024w, https:\/\/birdinnov.com\/wp-content\/uploads\/2025\/07\/employee-showing-appreciation-each-other-768x424.webp 768w, https:\/\/birdinnov.com\/wp-content\/uploads\/2025\/07\/employee-showing-appreciation-each-other-1536x848.webp 1536w\" sizes=\"(max-width: 1648px) 100vw, 1648px\" \/>\t\t\t\t\t\t\t\t\t\t\t\t\t\t\t<\/div>\n\t\t\t\t<\/div>\n\t\t\t\t\t<\/div>\n\t\t\t\t<\/section>\n\t\t<div class=\"elementor-element elementor-element-9e04815 e-flex e-con-boxed e-con e-parent\" data-id=\"9e04815\" data-element_type=\"container\" data-e-type=\"container\">\n\t\t\t\t\t<div class=\"e-con-inner\">\n\t\t\t\t<div class=\"elementor-element elementor-element-957b726 elementor-widget elementor-widget-template\" data-id=\"957b726\" data-element_type=\"widget\" data-e-type=\"widget\" data-widget_type=\"template.default\">\n\t\t\t\t<div class=\"elementor-widget-container\">\n\t\t\t\t\t\t\t<div class=\"elementor-template\">\n\t\t\t\t\t<div data-elementor-type=\"container\" data-elementor-id=\"2349\" class=\"elementor elementor-2349\" data-elementor-post-type=\"elementor_library\">\n\t\t\t\t<div class=\"elementor-element elementor-element-7102e9e e-flex e-con-boxed e-con e-parent\" data-id=\"7102e9e\" data-element_type=\"container\" data-e-type=\"container\">\n\t\t\t\t\t<div class=\"e-con-inner\">\n\t\t\t\t<div class=\"elementor-element elementor-element-b2d51e2 elementor-widget elementor-widget-image-carousel\" data-id=\"b2d51e2\" data-element_type=\"widget\" data-e-type=\"widget\" data-settings=\"{&quot;slides_to_show&quot;:&quot;6&quot;,&quot;navigation&quot;:&quot;none&quot;,&quot;slides_to_show_mobile&quot;:&quot;2&quot;,&quot;image_spacing_custom&quot;:{&quot;unit&quot;:&quot;px&quot;,&quot;size&quot;:30,&quot;sizes&quot;:[]},&quot;autoplay&quot;:&quot;yes&quot;,&quot;pause_on_hover&quot;:&quot;yes&quot;,&quot;pause_on_interaction&quot;:&quot;yes&quot;,&quot;autoplay_speed&quot;:5000,&quot;infinite&quot;:&quot;yes&quot;,&quot;speed&quot;:500,&quot;image_spacing_custom_tablet&quot;:{&quot;unit&quot;:&quot;px&quot;,&quot;size&quot;:&quot;&quot;,&quot;sizes&quot;:[]},&quot;image_spacing_custom_mobile&quot;:{&quot;unit&quot;:&quot;px&quot;,&quot;size&quot;:&quot;&quot;,&quot;sizes&quot;:[]}}\" data-widget_type=\"image-carousel.default\">\n\t\t\t\t\t\t\t<div class=\"elementor-image-carousel-wrapper swiper\" role=\"region\" aria-roledescription=\"carousel\" aria-label=\"Carrousel logo\" dir=\"ltr\">\n\t\t\t<div class=\"elementor-image-carousel swiper-wrapper\" aria-live=\"off\">\n\t\t\t\t\t\t\t\t<div class=\"swiper-slide\" role=\"group\" aria-roledescription=\"slide\" aria-label=\"1 sur 7\"><figure class=\"swiper-slide-inner\"><img decoding=\"async\" class=\"swiper-slide-image\" src=\"https:\/\/birdinnov.com\/wp-content\/uploads\/2026\/01\/LOGO-REFERENCE-basse-definition-pour-web-e1767603903982.webp\" alt=\"LOGO RE\u0301FE\u0301RENCE\u0301 basse de\u0301finition pour web\" \/><\/figure><\/div><div class=\"swiper-slide\" role=\"group\" aria-roledescription=\"slide\" aria-label=\"2 sur 7\"><figure class=\"swiper-slide-inner\"><img decoding=\"async\" class=\"swiper-slide-image\" src=\"https:\/\/birdinnov.com\/wp-content\/uploads\/2025\/07\/logo-6.webp\" alt=\"Logo de l&#039;\u00c9cole Polytechnique avec un X stylis\u00e9.\" \/><\/figure><\/div><div class=\"swiper-slide\" role=\"group\" aria-roledescription=\"slide\" aria-label=\"3 sur 7\"><figure class=\"swiper-slide-inner\"><img decoding=\"async\" class=\"swiper-slide-image\" src=\"https:\/\/birdinnov.com\/wp-content\/uploads\/2025\/07\/logo-5.webp\" alt=\"Logo de l&#039;OPQCM, qualit\u00e9 des services intellectuels.\" \/><\/figure><\/div><div class=\"swiper-slide\" role=\"group\" aria-roledescription=\"slide\" aria-label=\"4 sur 7\"><figure class=\"swiper-slide-inner\"><img decoding=\"async\" class=\"swiper-slide-image\" src=\"https:\/\/birdinnov.com\/wp-content\/uploads\/2025\/07\/logo-4.webp\" alt=\"Logo de La French Tech avec un coq stylis\u00e9 en rose et le texte en gris fonc\u00e9.\" \/><\/figure><\/div><div class=\"swiper-slide\" role=\"group\" aria-roledescription=\"slide\" aria-label=\"5 sur 7\"><figure class=\"swiper-slide-inner\"><img decoding=\"async\" class=\"swiper-slide-image\" src=\"https:\/\/birdinnov.com\/wp-content\/uploads\/2025\/07\/logo-3.webp\" alt=\"Logo du Minist\u00e8re de l&#039;Enseignement Sup\u00e9rieur et de la Recherche.\" \/><\/figure><\/div><div class=\"swiper-slide\" role=\"group\" aria-roledescription=\"slide\" aria-label=\"6 sur 7\"><figure class=\"swiper-slide-inner\"><img decoding=\"async\" class=\"swiper-slide-image\" src=\"https:\/\/birdinnov.com\/wp-content\/uploads\/2025\/07\/logo-2.webp\" alt=\"Initiative de science des donn\u00e9es, \u00c9cole Polytechnique, graphique de donn\u00e9es.\" \/><\/figure><\/div><div class=\"swiper-slide\" role=\"group\" aria-roledescription=\"slide\" aria-label=\"7 sur 7\"><figure class=\"swiper-slide-inner\"><img decoding=\"async\" class=\"swiper-slide-image\" src=\"https:\/\/birdinnov.com\/wp-content\/uploads\/2025\/07\/logo-1.webp\" alt=\"Logo de CECCA, comprenant un &quot;C&quot; stylis\u00e9 et le nom de l&#039;organisation.\" \/><\/figure><\/div>\t\t\t<\/div>\n\t\t\t\t\t\t\t\n\t\t\t\t\t\t\t\t\t<\/div>\n\t\t\t\t\t\t<\/div>\n\t\t\t\t\t<\/div>\n\t\t\t\t<\/div>\n\t\t\t\t<\/div>\n\t\t\t\t<\/div>\n\t\t\t\t\t\t<\/div>\n\t\t\t\t<\/div>\n\t\t\t\t\t<\/div>\n\t\t\t\t<\/div>\n\t\t\t\t<\/div>\n\t\t","protected":false},"excerpt":{"rendered":"<p>Accueil Te ayudamos a hacer que tus operaciones de I+D sean elegibles para los distintos tipos de financiaci\u00f3n p\u00fablica. Preparamos tus expedientes de solicitud para maximizar tus posibilidades de obtener ayudas. Utilizamos tus datos para ayudarte a tomar las decisiones correctas. Solicitud de acreditaci\u00f3n Elaboraci\u00f3n de expedientes Gesti\u00f3n de proyectos Acompa\u00f1amiento estrat\u00e9gico Nuestros valores a\u00f1adidos [&hellip;]<\/p>\n","protected":false},"author":1,"featured_media":0,"parent":0,"menu_order":0,"comment_status":"closed","ping_status":"closed","template":"","meta":{"_acf_changed":false,"_seopress_robots_primary_cat":"","_seopress_titles_title":"Experiencia | BirdINNOV","_seopress_titles_desc":"Descubra nuestras \u00e1reas de especializaci\u00f3n y benef\u00edciese de un acompa\u00f1amiento a medida. \u00bfTiene una pregunta? \u00a1Cont\u00e1ctenos ahora mismo!","_seopress_robots_index":"","footnotes":""},"class_list":["post-6902","page","type-page","status-publish","hentry"],"acf":[],"_links":{"self":[{"href":"https:\/\/birdinnov.com\/es\/wp-json\/wp\/v2\/pages\/6902","targetHints":{"allow":["GET"]}}],"collection":[{"href":"https:\/\/birdinnov.com\/es\/wp-json\/wp\/v2\/pages"}],"about":[{"href":"https:\/\/birdinnov.com\/es\/wp-json\/wp\/v2\/types\/page"}],"author":[{"embeddable":true,"href":"https:\/\/birdinnov.com\/es\/wp-json\/wp\/v2\/users\/1"}],"replies":[{"embeddable":true,"href":"https:\/\/birdinnov.com\/es\/wp-json\/wp\/v2\/comments?post=6902"}],"version-history":[{"count":4,"href":"https:\/\/birdinnov.com\/es\/wp-json\/wp\/v2\/pages\/6902\/revisions"}],"predecessor-version":[{"id":6906,"href":"https:\/\/birdinnov.com\/es\/wp-json\/wp\/v2\/pages\/6902\/revisions\/6906"}],"wp:attachment":[{"href":"https:\/\/birdinnov.com\/es\/wp-json\/wp\/v2\/media?parent=6902"}],"curies":[{"name":"wp","href":"https:\/\/api.w.org\/{rel}","templated":true}]}}